{"id":14,"date":"2012-10-24T10:11:18","date_gmt":"2012-10-24T10:11:18","guid":{"rendered":"http:\/\/www.hitech.fi\/hitech\/?page_id=14"},"modified":"2024-05-02T17:46:29","modified_gmt":"2024-05-02T14:46:29","slug":"tietoa-yrityksesta","status":"publish","type":"page","link":"https:\/\/www.hitech.fi\/hitech\/tietoa-yrityksesta\/","title":{"rendered":"Tietoa yrityksest\u00e4"},"content":{"rendered":"\t\t<div data-elementor-type=\"wp-page\" data-elementor-id=\"14\" class=\"elementor elementor-14\" data-elementor-post-type=\"page\">\n\t\t\t\t\t\t<section class=\"elementor-section elementor-top-section elementor-element elementor-element-2933c722 elementor-section-boxed elementor-section-height-default elementor-section-height-default\" data-id=\"2933c722\" data-element_type=\"section\">\n\t\t\t\t\t\t<div class=\"elementor-container elementor-column-gap-default\">\n\t\t\t\t\t<div class=\"elementor-column elementor-col-100 elementor-top-column elementor-element elementor-element-34a5b162\" data-id=\"34a5b162\" data-element_type=\"column\">\n\t\t\t<div class=\"elementor-widget-wrap elementor-element-populated\">\n\t\t\t\t\t\t<div class=\"elementor-element elementor-element-26441a4 elementor-widget elementor-widget-heading\" data-id=\"26441a4\" data-element_type=\"widget\" data-widget_type=\"heading.default\">\n\t\t\t\t<div class=\"elementor-widget-container\">\n\t\t\t\t\t<h2 class=\"elementor-heading-title elementor-size-default\">Tietoa yrityksest\u00e4<\/h2>\t\t\t\t<\/div>\n\t\t\t\t<\/div>\n\t\t\t\t<div class=\"elementor-element elementor-element-b984414 elementor-widget-divider--view-line elementor-widget elementor-widget-divider\" data-id=\"b984414\" data-element_type=\"widget\" data-widget_type=\"divider.default\">\n\t\t\t\t<div class=\"elementor-widget-container\">\n\t\t\t\t\t\t\t<div class=\"elementor-divider\">\n\t\t\t<span class=\"elementor-divider-separator\">\n\t\t\t\t\t\t<\/span>\n\t\t<\/div>\n\t\t\t\t\t\t<\/div>\n\t\t\t\t<\/div>\n\t\t\t\t<div class=\"elementor-element elementor-element-ffdde15 elementor-widget elementor-widget-heading\" data-id=\"ffdde15\" data-element_type=\"widget\" data-widget_type=\"heading.default\">\n\t\t\t\t<div class=\"elementor-widget-container\">\n\t\t\t\t\t<h2 class=\"elementor-heading-title elementor-size-default\">Elokuu 2023: Hitech Europe Oy<\/h2>\t\t\t\t<\/div>\n\t\t\t\t<\/div>\n\t\t\t\t<div class=\"elementor-element elementor-element-62f3e834 elementor-widget elementor-widget-text-editor\" data-id=\"62f3e834\" data-element_type=\"widget\" data-widget_type=\"text-editor.default\">\n\t\t\t\t<div class=\"elementor-widget-container\">\n\t\t\t\t\t\t\t\t\t<p>International Chem Oy &#8211; konsernin (IC) uusi tyt\u00e4ryritys Hitech Europe Oy on ostanut 3.8.2023 Hitech Chemicals Finland Oy:n maahantuonti-, myynti- ja markkinointiliiketoiminnan.<\/p><p><a href=\"https:\/\/www.hitech.fi\/hitech\/wp-content\/uploads\/2023\/08\/Tiedote_Hitech_Chemicals_liiketoimintakauppa_20230803.pdf\" target=\"_blank\" rel=\"noopener\">Lue 3.8.2023 asiakastiedote liiketoimintakaupasta<\/a><\/p><p>Liiketoimintakauppa t\u00e4ydent\u00e4\u00e4 International Chem Oy -konsernin tuotevalikoimaa sen keskeisill\u00e4 toimialoilla ja mahdollistaa liiketoiminnan laajentamisen uusille asiakassektoreille. Liiketoimintakaupassa Hitech Chemicals Oy:n kaikki nykyiset tavarantoimitus- ja asiakassopimukset siirtyv\u00e4t Hitech Europe Oy:lle ja palvelemme jatkossa asiakkaita yhteisiss\u00e4 toimitiloissa Vantaalla ja Lemp\u00e4\u00e4l\u00e4ss\u00e4.<\/p><p>International Chem Oy on puhdistus- ja huoltokemikaalien valmistukseen ja markkinointiin keskittynyt konserni. Sen suurin tyt\u00e4ryhti\u00f6 on Finn-Elox Oy, joka valmistaa ja markkinoi ammattik\u00e4ytt\u00f6\u00f6n tarkoitettuja puhdistus \u2013 ja huoltokemikaaleja yli 20 vuoden kokemuksella. Yhti\u00f6 palvelee huollon ja kunnossapidon asiakkaita eri toimialoilla, kuten auto- ja kuljetusala, koneurakointi, maatalous, kiinteist\u00f6huolto, teollisuus, hotelli- ja ravintola-ala. Finn-Elox on Suomen johtavia auto- ja kuljetusalan puhdistus- ja huoltokemikaalien toimittajia. Konsernin Stardust -tuotemerkki tunnetaan laadukkaista auto- ja kuljetusalan tuotteistaan sek\u00e4 ammattilaisten, ett\u00e4 valveutuneiden kuluttajien keskuudessa.<\/p>\t\t\t\t\t\t\t\t<\/div>\n\t\t\t\t<\/div>\n\t\t\t\t<div class=\"elementor-element elementor-element-506c521 elementor-widget elementor-widget-heading\" data-id=\"506c521\" data-element_type=\"widget\" data-widget_type=\"heading.default\">\n\t\t\t\t<div class=\"elementor-widget-container\">\n\t\t\t\t\t<h2 class=\"elementor-heading-title elementor-size-default\">Hitech Chemicalsin historia<\/h2>\t\t\t\t<\/div>\n\t\t\t\t<\/div>\n\t\t\t\t<div class=\"elementor-element elementor-element-c49db73 elementor-widget elementor-widget-text-editor\" data-id=\"c49db73\" data-element_type=\"widget\" data-widget_type=\"text-editor.default\">\n\t\t\t\t<div class=\"elementor-widget-container\">\n\t\t\t\t\t\t\t\t\t<p>Hitech Chemicals on vuonna 2001 perustettu yritys, joka on maahantuonut, myynyt ja markkinoinut eri toimialojen huollon ja kunnossapidon ammattilaisille korkealaatuisia huoltotuotteita. Tuotevalikoimaan on kuulunut laaja valikoima teknisi\u00e4 aerosoleja ja puhdistusaineita. Valikoimaan on kuulunut my\u00f6s entsyymi- ja mikrobipohjaisia tuotteita hajunpoistoon, viem\u00e4reiden ja j\u00e4tevesij\u00e4rjestelmien kunnossapitoon, j\u00e4tehuoltoon ja kiinteist\u00f6huoltoon. Edell\u00e4 mainituissa biotuotteissa yrityksell\u00e4 on yksi pisimmist\u00e4 kokemuksista Suomessa. Hitech Chemicals on ollut my\u00f6s Suomen johtavia ilmal\u00e4mp\u00f6pumppujen ja muiden ilmastointi- ja kylm\u00e4huollon kennostojen puhdistukseen tarkoitettujen tuotteiden toimittajia. Hitech Chemicalsin asiakkaina ovat olleet huollon ja kunnossapidon ammattilaisia, tukkuliikkeit\u00e4 ja j\u00e4lleenmyyji\u00e4 ymp\u00e4ri Suomen.<\/p>\t\t\t\t\t\t\t\t<\/div>\n\t\t\t\t<\/div>\n\t\t\t\t<div class=\"elementor-element elementor-element-a19c5df elementor-widget elementor-widget-heading\" data-id=\"a19c5df\" data-element_type=\"widget\" data-widget_type=\"heading.default\">\n\t\t\t\t<div class=\"elementor-widget-container\">\n\t\t\t\t\t<h2 class=\"elementor-heading-title elementor-size-default\">Laatu &amp; kustannustehokkuus<\/h2>\t\t\t\t<\/div>\n\t\t\t\t<\/div>\n\t\t\t\t<div class=\"elementor-element elementor-element-cf4c5b9 elementor-widget elementor-widget-text-editor\" data-id=\"cf4c5b9\" data-element_type=\"widget\" data-widget_type=\"text-editor.default\">\n\t\t\t\t<div class=\"elementor-widget-container\">\n\t\t\t\t\t\t\t\t\t<p>Korkealaatuinen tuote ei ole v\u00e4ltt\u00e4m\u00e4tt\u00e4 kallis, p\u00e4invastoin se s\u00e4\u00e4st\u00e4\u00e4 aikaa ja ty\u00f6t\u00e4.<\/p>\t\t\t\t\t\t\t\t<\/div>\n\t\t\t\t<\/div>\n\t\t\t\t<div class=\"elementor-element elementor-element-cb0db30 elementor-widget elementor-widget-heading\" data-id=\"cb0db30\" data-element_type=\"widget\" data-widget_type=\"heading.default\">\n\t\t\t\t<div class=\"elementor-widget-container\">\n\t\t\t\t\t<h2 class=\"elementor-heading-title elementor-size-default\">Me luotamme asiakkaisiin ja asiakkaat luottavat meihin<\/h2>\t\t\t\t<\/div>\n\t\t\t\t<\/div>\n\t\t\t\t<div class=\"elementor-element elementor-element-037c3ba elementor-widget elementor-widget-text-editor\" data-id=\"037c3ba\" data-element_type=\"widget\" data-widget_type=\"text-editor.default\">\n\t\t\t\t<div class=\"elementor-widget-container\">\n\t\t\t\t\t\t\t\t\t<p>Toimintamme perustuu luottamukseen. Takaamme nopeat toimitusajat ja annamme tuotteillemme <a href=\"https:\/\/www.hitech.fi\/hitech\/?page_id=12\">tyytyv\u00e4isyystakuun<\/a>. Luottamuksesta kertoo my\u00f6s sen, ett\u00e4 suurin osa asiakkaistamme on luottanut tuotteisiimme ja palveluihimme vuosien ajan. Yrityksemme kotipaikka on Helsinki, mutta palvelemme asiakkaitamme ymp\u00e4ri Suomen oman myyntihenkil\u00f6st\u00f6n, yhteisty\u00f6kumppaneiden ja j\u00e4lleenmyyjien kautta.<\/p><p>Tuotteiden tueksi tarjoamme my\u00f6s t\u00e4yden palvelun &#8211; k\u00e4ytt\u00f6koulutuksen, k\u00e4ytt\u00f6kohteiden seurannan ja raportoinnin. Tarvittaessa etsimme yhteisty\u00f6kumppanin suorittamaan ty\u00f6n puolestanne.<\/p><p>Autamme asiakkaitamme kohtaamaan uudet ymp\u00e4rist\u00f6nsuojelulain asettamat haasteet nykyaikaisten bioteknologian tuotteiden avulla.<\/p><p>Kun haluat s\u00e4\u00e4st\u00e4\u00e4 aikaa ja helpottaa ty\u00f6t\u00e4si, Hitech Chemicalsin tuotteet ratkaisevat ongelmasi \u2013 ymp\u00e4rist\u00f6\u00e4 unohtamatta. Ota yhteytt\u00e4 meihin, niin kerromme mist\u00e4 saat tarpeisiisi parhaiten soveltuvat tuotteet.<\/p><p>\u00a0<\/p><p><strong>Ymp\u00e4rist\u00f6terveisin<\/strong><\/p><p>Mikko Hakala<br \/>Myyntijohtaja<\/p>\t\t\t\t\t\t\t\t<\/div>\n\t\t\t\t<\/div>\n\t\t\t\t\t<\/div>\n\t\t<\/div>\n\t\t\t\t\t<\/div>\n\t\t<\/section>\n\t\t\t\t<\/div>\n\t\t","protected":false},"excerpt":{"rendered":"<p>Tietoa yrityksest\u00e4 Elokuu 2023: Hitech Europe Oy International Chem Oy &#8211; konsernin (IC) uusi tyt\u00e4ryritys Hitech Europe Oy on ostanut 3.8.2023 Hitech Chemicals Finland Oy:n maahantuonti-, myynti- ja markkinointiliiketoiminnan. Lue 3.8.2023 asiakastiedote liiketoimintakaupasta Liiketoimintakauppa t\u00e4ydent\u00e4\u00e4 International Chem Oy -konsernin tuotevalikoimaa sen keskeisill\u00e4 toimialoilla ja mahdollistaa liiketoiminnan laajentamisen uusille asiakassektoreille. Liiketoimintakaupassa Hitech Chemicals Oy:n kaikki nykyiset [&hellip;]<\/p>\n","protected":false},"author":1,"featured_media":0,"parent":0,"menu_order":0,"comment_status":"open","ping_status":"open","template":"elementor_header_footer","meta":{"footnotes":""},"class_list":["post-14","page","type-page","status-publish","hentry"],"yoast_head":"<!-- This site is optimized with the Yoast SEO plugin v24.3 - https:\/\/yoast.com\/wordpress\/plugins\/seo\/ -->\n<title>Tietoa yrityksest\u00e4 | Hitech Chemicals<\/title>\n<meta name=\"robots\" content=\"index, follow, max-snippet:-1, max-image-preview:large, max-video-preview:-1\" \/>\n<link rel=\"canonical\" href=\"https:\/\/www.hitech.fi\/hitech\/tietoa-yrityksesta\/\" \/>\n<meta property=\"og:locale\" content=\"fi_FI\" \/>\n<meta property=\"og:type\" content=\"article\" \/>\n<meta property=\"og:title\" content=\"Tietoa yrityksest\u00e4 | Hitech Chemicals\" \/>\n<meta property=\"og:description\" content=\"Tietoa yrityksest\u00e4 Elokuu 2023: Hitech Europe Oy International Chem Oy &#8211; konsernin (IC) uusi tyt\u00e4ryritys Hitech Europe Oy on ostanut 3.8.2023 Hitech Chemicals Finland Oy:n maahantuonti-, myynti- ja markkinointiliiketoiminnan. Lue 3.8.2023 asiakastiedote liiketoimintakaupasta Liiketoimintakauppa t\u00e4ydent\u00e4\u00e4 International Chem Oy -konsernin tuotevalikoimaa sen keskeisill\u00e4 toimialoilla ja mahdollistaa liiketoiminnan laajentamisen uusille asiakassektoreille. Liiketoimintakaupassa Hitech Chemicals Oy:n kaikki nykyiset [&hellip;]\" \/>\n<meta property=\"og:url\" content=\"https:\/\/www.hitech.fi\/hitech\/tietoa-yrityksesta\/\" \/>\n<meta property=\"og:site_name\" content=\"Hitech Chemicals\" \/>\n<meta property=\"article:publisher\" content=\"https:\/\/www.facebook.com\/hitechfinland\" \/>\n<meta property=\"article:modified_time\" content=\"2024-05-02T14:46:29+00:00\" \/>\n<meta name=\"twitter:card\" content=\"summary_large_image\" \/>\n<meta name=\"twitter:label1\" content=\"Arvioitu lukuaika\" \/>\n\t<meta name=\"twitter:data1\" content=\"3 minuuttia\" \/>\n<script type=\"application\/ld+json\" class=\"yoast-schema-graph\">{\"@context\":\"https:\/\/schema.org\",\"@graph\":[{\"@type\":\"WebPage\",\"@id\":\"https:\/\/www.hitech.fi\/hitech\/tietoa-yrityksesta\/\",\"url\":\"https:\/\/www.hitech.fi\/hitech\/tietoa-yrityksesta\/\",\"name\":\"Tietoa yrityksest\u00e4 | Hitech Chemicals\",\"isPartOf\":{\"@id\":\"https:\/\/www.hitech.fi\/hitech\/#website\"},\"datePublished\":\"2012-10-24T10:11:18+00:00\",\"dateModified\":\"2024-05-02T14:46:29+00:00\",\"breadcrumb\":{\"@id\":\"https:\/\/www.hitech.fi\/hitech\/tietoa-yrityksesta\/#breadcrumb\"},\"inLanguage\":\"fi\",\"potentialAction\":[{\"@type\":\"ReadAction\",\"target\":[\"https:\/\/www.hitech.fi\/hitech\/tietoa-yrityksesta\/\"]}]},{\"@type\":\"BreadcrumbList\",\"@id\":\"https:\/\/www.hitech.fi\/hitech\/tietoa-yrityksesta\/#breadcrumb\",\"itemListElement\":[{\"@type\":\"ListItem\",\"position\":1,\"name\":\"Etusivu\",\"item\":\"https:\/\/www.hitech.fi\/hitech\/\"},{\"@type\":\"ListItem\",\"position\":2,\"name\":\"Tietoa yrityksest\u00e4\"}]},{\"@type\":\"WebSite\",\"@id\":\"https:\/\/www.hitech.fi\/hitech\/#website\",\"url\":\"https:\/\/www.hitech.fi\/hitech\/\",\"name\":\"Hitech Chemicals\",\"description\":\"Puhdistusaineet ja huoltotuotteet\",\"publisher\":{\"@id\":\"https:\/\/www.hitech.fi\/hitech\/#organization\"},\"potentialAction\":[{\"@type\":\"SearchAction\",\"target\":{\"@type\":\"EntryPoint\",\"urlTemplate\":\"https:\/\/www.hitech.fi\/hitech\/?s={search_term_string}\"},\"query-input\":{\"@type\":\"PropertyValueSpecification\",\"valueRequired\":true,\"valueName\":\"search_term_string\"}}],\"inLanguage\":\"fi\"},{\"@type\":\"Organization\",\"@id\":\"https:\/\/www.hitech.fi\/hitech\/#organization\",\"name\":\"Hitech Chemicals\",\"alternateName\":\"Hitech\",\"url\":\"https:\/\/www.hitech.fi\/hitech\/\",\"logo\":{\"@type\":\"ImageObject\",\"inLanguage\":\"fi\",\"@id\":\"https:\/\/www.hitech.fi\/hitech\/#\/schema\/logo\/image\/\",\"url\":\"https:\/\/www.hitech.fi\/hitech\/wp-content\/uploads\/2023\/06\/cropped-hitech_logo_600x600.png\",\"contentUrl\":\"https:\/\/www.hitech.fi\/hitech\/wp-content\/uploads\/2023\/06\/cropped-hitech_logo_600x600.png\",\"width\":512,\"height\":512,\"caption\":\"Hitech Chemicals\"},\"image\":{\"@id\":\"https:\/\/www.hitech.fi\/hitech\/#\/schema\/logo\/image\/\"},\"sameAs\":[\"https:\/\/www.facebook.com\/hitechfinland\"]}]}<\/script>\n<!-- \/ Yoast SEO plugin. -->","yoast_head_json":{"title":"Tietoa yrityksest\u00e4 | Hitech Chemicals","robots":{"index":"index","follow":"follow","max-snippet":"max-snippet:-1","max-image-preview":"max-image-preview:large","max-video-preview":"max-video-preview:-1"},"canonical":"https:\/\/www.hitech.fi\/hitech\/tietoa-yrityksesta\/","og_locale":"fi_FI","og_type":"article","og_title":"Tietoa yrityksest\u00e4 | Hitech Chemicals","og_description":"Tietoa yrityksest\u00e4 Elokuu 2023: Hitech Europe Oy International Chem Oy &#8211; konsernin (IC) uusi tyt\u00e4ryritys Hitech Europe Oy on ostanut 3.8.2023 Hitech Chemicals Finland Oy:n maahantuonti-, myynti- ja markkinointiliiketoiminnan. Lue 3.8.2023 asiakastiedote liiketoimintakaupasta Liiketoimintakauppa t\u00e4ydent\u00e4\u00e4 International Chem Oy -konsernin tuotevalikoimaa sen keskeisill\u00e4 toimialoilla ja mahdollistaa liiketoiminnan laajentamisen uusille asiakassektoreille. Liiketoimintakaupassa Hitech Chemicals Oy:n kaikki nykyiset [&hellip;]","og_url":"https:\/\/www.hitech.fi\/hitech\/tietoa-yrityksesta\/","og_site_name":"Hitech Chemicals","article_publisher":"https:\/\/www.facebook.com\/hitechfinland","article_modified_time":"2024-05-02T14:46:29+00:00","twitter_card":"summary_large_image","twitter_misc":{"Arvioitu lukuaika":"3 minuuttia"},"schema":{"@context":"https:\/\/schema.org","@graph":[{"@type":"WebPage","@id":"https:\/\/www.hitech.fi\/hitech\/tietoa-yrityksesta\/","url":"https:\/\/www.hitech.fi\/hitech\/tietoa-yrityksesta\/","name":"Tietoa yrityksest\u00e4 | Hitech Chemicals","isPartOf":{"@id":"https:\/\/www.hitech.fi\/hitech\/#website"},"datePublished":"2012-10-24T10:11:18+00:00","dateModified":"2024-05-02T14:46:29+00:00","breadcrumb":{"@id":"https:\/\/www.hitech.fi\/hitech\/tietoa-yrityksesta\/#breadcrumb"},"inLanguage":"fi","potentialAction":[{"@type":"ReadAction","target":["https:\/\/www.hitech.fi\/hitech\/tietoa-yrityksesta\/"]}]},{"@type":"BreadcrumbList","@id":"https:\/\/www.hitech.fi\/hitech\/tietoa-yrityksesta\/#breadcrumb","itemListElement":[{"@type":"ListItem","position":1,"name":"Etusivu","item":"https:\/\/www.hitech.fi\/hitech\/"},{"@type":"ListItem","position":2,"name":"Tietoa yrityksest\u00e4"}]},{"@type":"WebSite","@id":"https:\/\/www.hitech.fi\/hitech\/#website","url":"https:\/\/www.hitech.fi\/hitech\/","name":"Hitech Chemicals","description":"Puhdistusaineet ja huoltotuotteet","publisher":{"@id":"https:\/\/www.hitech.fi\/hitech\/#organization"},"potentialAction":[{"@type":"SearchAction","target":{"@type":"EntryPoint","urlTemplate":"https:\/\/www.hitech.fi\/hitech\/?s={search_term_string}"},"query-input":{"@type":"PropertyValueSpecification","valueRequired":true,"valueName":"search_term_string"}}],"inLanguage":"fi"},{"@type":"Organization","@id":"https:\/\/www.hitech.fi\/hitech\/#organization","name":"Hitech Chemicals","alternateName":"Hitech","url":"https:\/\/www.hitech.fi\/hitech\/","logo":{"@type":"ImageObject","inLanguage":"fi","@id":"https:\/\/www.hitech.fi\/hitech\/#\/schema\/logo\/image\/","url":"https:\/\/www.hitech.fi\/hitech\/wp-content\/uploads\/2023\/06\/cropped-hitech_logo_600x600.png","contentUrl":"https:\/\/www.hitech.fi\/hitech\/wp-content\/uploads\/2023\/06\/cropped-hitech_logo_600x600.png","width":512,"height":512,"caption":"Hitech Chemicals"},"image":{"@id":"https:\/\/www.hitech.fi\/hitech\/#\/schema\/logo\/image\/"},"sameAs":["https:\/\/www.facebook.com\/hitechfinland"]}]}},"_links":{"self":[{"href":"https:\/\/www.hitech.fi\/hitech\/wp-json\/wp\/v2\/pages\/14","targetHints":{"allow":["GET"]}}],"collection":[{"href":"https:\/\/www.hitech.fi\/hitech\/wp-json\/wp\/v2\/pages"}],"about":[{"href":"https:\/\/www.hitech.fi\/hitech\/wp-json\/wp\/v2\/types\/page"}],"author":[{"embeddable":true,"href":"https:\/\/www.hitech.fi\/hitech\/wp-json\/wp\/v2\/users\/1"}],"replies":[{"embeddable":true,"href":"https:\/\/www.hitech.fi\/hitech\/wp-json\/wp\/v2\/comments?post=14"}],"version-history":[{"count":31,"href":"https:\/\/www.hitech.fi\/hitech\/wp-json\/wp\/v2\/pages\/14\/revisions"}],"predecessor-version":[{"id":3225,"href":"https:\/\/www.hitech.fi\/hitech\/wp-json\/wp\/v2\/pages\/14\/revisions\/3225"}],"wp:attachment":[{"href":"https:\/\/www.hitech.fi\/hitech\/wp-json\/wp\/v2\/media?parent=14"}],"curies":[{"name":"wp","href":"https:\/\/api.w.org\/{rel}","templated":true}]}}