{"id":12,"date":"2012-10-24T10:10:59","date_gmt":"2012-10-24T10:10:59","guid":{"rendered":"http:\/\/www.hitech.fi\/hitech\/?page_id=12"},"modified":"2024-05-02T17:55:01","modified_gmt":"2024-05-02T14:55:01","slug":"tyytyvaisyystakuu","status":"publish","type":"page","link":"https:\/\/www.hitech.fi\/hitech\/tyytyvaisyystakuu\/","title":{"rendered":"Tyytyv\u00e4isyystakuu"},"content":{"rendered":"\t\t<div data-elementor-type=\"wp-page\" data-elementor-id=\"12\" class=\"elementor elementor-12\" data-elementor-post-type=\"page\">\n\t\t\t\t\t\t<section class=\"elementor-section elementor-top-section elementor-element elementor-element-75904301 elementor-section-boxed elementor-section-height-default elementor-section-height-default\" data-id=\"75904301\" data-element_type=\"section\">\n\t\t\t\t\t\t<div class=\"elementor-container elementor-column-gap-default\">\n\t\t\t\t\t<div class=\"elementor-column elementor-col-100 elementor-top-column elementor-element elementor-element-62747d6\" data-id=\"62747d6\" data-element_type=\"column\">\n\t\t\t<div class=\"elementor-widget-wrap elementor-element-populated\">\n\t\t\t\t\t\t<div class=\"elementor-element elementor-element-3df63ff elementor-widget elementor-widget-heading\" data-id=\"3df63ff\" data-element_type=\"widget\" data-widget_type=\"heading.default\">\n\t\t\t\t<div class=\"elementor-widget-container\">\n\t\t\t\t\t<h2 class=\"elementor-heading-title elementor-size-default\">Tyytyv\u00e4isyystakuu<\/h2>\t\t\t\t<\/div>\n\t\t\t\t<\/div>\n\t\t\t\t<div class=\"elementor-element elementor-element-9debda6 elementor-widget-divider--view-line elementor-widget elementor-widget-divider\" data-id=\"9debda6\" data-element_type=\"widget\" data-widget_type=\"divider.default\">\n\t\t\t\t<div class=\"elementor-widget-container\">\n\t\t\t\t\t\t\t<div class=\"elementor-divider\">\n\t\t\t<span class=\"elementor-divider-separator\">\n\t\t\t\t\t\t<\/span>\n\t\t<\/div>\n\t\t\t\t\t\t<\/div>\n\t\t\t\t<\/div>\n\t\t\t\t<div class=\"elementor-element elementor-element-1bf65ea elementor-widget elementor-widget-heading\" data-id=\"1bf65ea\" data-element_type=\"widget\" data-widget_type=\"heading.default\">\n\t\t\t\t<div class=\"elementor-widget-container\">\n\t\t\t\t\t<h2 class=\"elementor-heading-title elementor-size-default\">Huollon ja kunnossapidon ammattilaisille tarjoamme kaikista tuotteistamme tyytyv\u00e4isyystakuun<\/h2>\t\t\t\t<\/div>\n\t\t\t\t<\/div>\n\t\t\t\t<div class=\"elementor-element elementor-element-39123d39 elementor-widget elementor-widget-text-editor\" data-id=\"39123d39\" data-element_type=\"widget\" data-widget_type=\"text-editor.default\">\n\t\t\t\t<div class=\"elementor-widget-container\">\n\t\t\t\t\t\t\t\t\tKun ostat tuotteen meilt\u00e4 ja olet keskustellut tilatessasi myyj\u00e4mme kanssa k\u00e4ytt\u00f6kohteesta ja tarpeestasi, annamme tuotteillemme tyytyv\u00e4isyystakuun. Kokeiltuasi myyntier\u00e4st\u00e4 esim. 12 pullon laatikosta 1 pullon\/tuotteen ja olet tyytym\u00e4t\u00f6n tuotteeseen, noudamme loput tuotteet pois ja l\u00e4het\u00e4mme hyvityslaskun. Kokeilu tulee suorittaa 7 p\u00e4iv\u00e4n sis\u00e4ll\u00e4 tuotteen vastaanottamisesta.\t\t\t\t\t\t\t\t<\/div>\n\t\t\t\t<\/div>\n\t\t\t\t\t<\/div>\n\t\t<\/div>\n\t\t\t\t\t<\/div>\n\t\t<\/section>\n\t\t\t\t<\/div>\n\t\t","protected":false},"excerpt":{"rendered":"<p>Tyytyv\u00e4isyystakuu Huollon ja kunnossapidon ammattilaisille tarjoamme kaikista tuotteistamme tyytyv\u00e4isyystakuun Kun ostat tuotteen meilt\u00e4 ja olet keskustellut tilatessasi myyj\u00e4mme kanssa k\u00e4ytt\u00f6kohteesta ja tarpeestasi, annamme tuotteillemme tyytyv\u00e4isyystakuun. Kokeiltuasi myyntier\u00e4st\u00e4 esim. 12 pullon laatikosta 1 pullon\/tuotteen ja olet tyytym\u00e4t\u00f6n tuotteeseen, noudamme loput tuotteet pois ja l\u00e4het\u00e4mme hyvityslaskun. Kokeilu tulee suorittaa 7 p\u00e4iv\u00e4n sis\u00e4ll\u00e4 tuotteen vastaanottamisesta.<\/p>\n","protected":false},"author":1,"featured_media":0,"parent":0,"menu_order":0,"comment_status":"open","ping_status":"open","template":"elementor_header_footer","meta":{"footnotes":""},"class_list":["post-12","page","type-page","status-publish","hentry"],"yoast_head":"<!-- This site is optimized with the Yoast SEO plugin v24.3 - https:\/\/yoast.com\/wordpress\/plugins\/seo\/ -->\n<title>Tyytyv\u00e4isyystakuu | Hitech Chemicals<\/title>\n<meta name=\"robots\" content=\"index, follow, max-snippet:-1, max-image-preview:large, max-video-preview:-1\" \/>\n<link rel=\"canonical\" href=\"https:\/\/www.hitech.fi\/hitech\/tyytyvaisyystakuu\/\" \/>\n<meta property=\"og:locale\" content=\"fi_FI\" \/>\n<meta property=\"og:type\" content=\"article\" \/>\n<meta property=\"og:title\" content=\"Tyytyv\u00e4isyystakuu | Hitech Chemicals\" \/>\n<meta property=\"og:description\" content=\"Tyytyv\u00e4isyystakuu Huollon ja kunnossapidon ammattilaisille tarjoamme kaikista tuotteistamme tyytyv\u00e4isyystakuun Kun ostat tuotteen meilt\u00e4 ja olet keskustellut tilatessasi myyj\u00e4mme kanssa k\u00e4ytt\u00f6kohteesta ja tarpeestasi, annamme tuotteillemme tyytyv\u00e4isyystakuun. Kokeiltuasi myyntier\u00e4st\u00e4 esim. 12 pullon laatikosta 1 pullon\/tuotteen ja olet tyytym\u00e4t\u00f6n tuotteeseen, noudamme loput tuotteet pois ja l\u00e4het\u00e4mme hyvityslaskun. Kokeilu tulee suorittaa 7 p\u00e4iv\u00e4n sis\u00e4ll\u00e4 tuotteen vastaanottamisesta.\" \/>\n<meta property=\"og:url\" content=\"https:\/\/www.hitech.fi\/hitech\/tyytyvaisyystakuu\/\" \/>\n<meta property=\"og:site_name\" content=\"Hitech Chemicals\" \/>\n<meta property=\"article:publisher\" content=\"https:\/\/www.facebook.com\/hitechfinland\" \/>\n<meta property=\"article:modified_time\" content=\"2024-05-02T14:55:01+00:00\" \/>\n<meta name=\"twitter:card\" content=\"summary_large_image\" \/>\n<meta name=\"twitter:label1\" content=\"Arvioitu lukuaika\" \/>\n\t<meta name=\"twitter:data1\" content=\"1 minuutti\" \/>\n<script type=\"application\/ld+json\" class=\"yoast-schema-graph\">{\"@context\":\"https:\/\/schema.org\",\"@graph\":[{\"@type\":\"WebPage\",\"@id\":\"https:\/\/www.hitech.fi\/hitech\/tyytyvaisyystakuu\/\",\"url\":\"https:\/\/www.hitech.fi\/hitech\/tyytyvaisyystakuu\/\",\"name\":\"Tyytyv\u00e4isyystakuu | Hitech Chemicals\",\"isPartOf\":{\"@id\":\"https:\/\/www.hitech.fi\/hitech\/#website\"},\"datePublished\":\"2012-10-24T10:10:59+00:00\",\"dateModified\":\"2024-05-02T14:55:01+00:00\",\"breadcrumb\":{\"@id\":\"https:\/\/www.hitech.fi\/hitech\/tyytyvaisyystakuu\/#breadcrumb\"},\"inLanguage\":\"fi\",\"potentialAction\":[{\"@type\":\"ReadAction\",\"target\":[\"https:\/\/www.hitech.fi\/hitech\/tyytyvaisyystakuu\/\"]}]},{\"@type\":\"BreadcrumbList\",\"@id\":\"https:\/\/www.hitech.fi\/hitech\/tyytyvaisyystakuu\/#breadcrumb\",\"itemListElement\":[{\"@type\":\"ListItem\",\"position\":1,\"name\":\"Etusivu\",\"item\":\"https:\/\/www.hitech.fi\/hitech\/\"},{\"@type\":\"ListItem\",\"position\":2,\"name\":\"Tyytyv\u00e4isyystakuu\"}]},{\"@type\":\"WebSite\",\"@id\":\"https:\/\/www.hitech.fi\/hitech\/#website\",\"url\":\"https:\/\/www.hitech.fi\/hitech\/\",\"name\":\"Hitech Chemicals\",\"description\":\"Puhdistusaineet ja huoltotuotteet\",\"publisher\":{\"@id\":\"https:\/\/www.hitech.fi\/hitech\/#organization\"},\"potentialAction\":[{\"@type\":\"SearchAction\",\"target\":{\"@type\":\"EntryPoint\",\"urlTemplate\":\"https:\/\/www.hitech.fi\/hitech\/?s={search_term_string}\"},\"query-input\":{\"@type\":\"PropertyValueSpecification\",\"valueRequired\":true,\"valueName\":\"search_term_string\"}}],\"inLanguage\":\"fi\"},{\"@type\":\"Organization\",\"@id\":\"https:\/\/www.hitech.fi\/hitech\/#organization\",\"name\":\"Hitech Chemicals\",\"alternateName\":\"Hitech\",\"url\":\"https:\/\/www.hitech.fi\/hitech\/\",\"logo\":{\"@type\":\"ImageObject\",\"inLanguage\":\"fi\",\"@id\":\"https:\/\/www.hitech.fi\/hitech\/#\/schema\/logo\/image\/\",\"url\":\"https:\/\/www.hitech.fi\/hitech\/wp-content\/uploads\/2023\/06\/cropped-hitech_logo_600x600.png\",\"contentUrl\":\"https:\/\/www.hitech.fi\/hitech\/wp-content\/uploads\/2023\/06\/cropped-hitech_logo_600x600.png\",\"width\":512,\"height\":512,\"caption\":\"Hitech Chemicals\"},\"image\":{\"@id\":\"https:\/\/www.hitech.fi\/hitech\/#\/schema\/logo\/image\/\"},\"sameAs\":[\"https:\/\/www.facebook.com\/hitechfinland\"]}]}<\/script>\n<!-- \/ Yoast SEO plugin. -->","yoast_head_json":{"title":"Tyytyv\u00e4isyystakuu | Hitech Chemicals","robots":{"index":"index","follow":"follow","max-snippet":"max-snippet:-1","max-image-preview":"max-image-preview:large","max-video-preview":"max-video-preview:-1"},"canonical":"https:\/\/www.hitech.fi\/hitech\/tyytyvaisyystakuu\/","og_locale":"fi_FI","og_type":"article","og_title":"Tyytyv\u00e4isyystakuu | Hitech Chemicals","og_description":"Tyytyv\u00e4isyystakuu Huollon ja kunnossapidon ammattilaisille tarjoamme kaikista tuotteistamme tyytyv\u00e4isyystakuun Kun ostat tuotteen meilt\u00e4 ja olet keskustellut tilatessasi myyj\u00e4mme kanssa k\u00e4ytt\u00f6kohteesta ja tarpeestasi, annamme tuotteillemme tyytyv\u00e4isyystakuun. Kokeiltuasi myyntier\u00e4st\u00e4 esim. 12 pullon laatikosta 1 pullon\/tuotteen ja olet tyytym\u00e4t\u00f6n tuotteeseen, noudamme loput tuotteet pois ja l\u00e4het\u00e4mme hyvityslaskun. Kokeilu tulee suorittaa 7 p\u00e4iv\u00e4n sis\u00e4ll\u00e4 tuotteen vastaanottamisesta.","og_url":"https:\/\/www.hitech.fi\/hitech\/tyytyvaisyystakuu\/","og_site_name":"Hitech Chemicals","article_publisher":"https:\/\/www.facebook.com\/hitechfinland","article_modified_time":"2024-05-02T14:55:01+00:00","twitter_card":"summary_large_image","twitter_misc":{"Arvioitu lukuaika":"1 minuutti"},"schema":{"@context":"https:\/\/schema.org","@graph":[{"@type":"WebPage","@id":"https:\/\/www.hitech.fi\/hitech\/tyytyvaisyystakuu\/","url":"https:\/\/www.hitech.fi\/hitech\/tyytyvaisyystakuu\/","name":"Tyytyv\u00e4isyystakuu | Hitech Chemicals","isPartOf":{"@id":"https:\/\/www.hitech.fi\/hitech\/#website"},"datePublished":"2012-10-24T10:10:59+00:00","dateModified":"2024-05-02T14:55:01+00:00","breadcrumb":{"@id":"https:\/\/www.hitech.fi\/hitech\/tyytyvaisyystakuu\/#breadcrumb"},"inLanguage":"fi","potentialAction":[{"@type":"ReadAction","target":["https:\/\/www.hitech.fi\/hitech\/tyytyvaisyystakuu\/"]}]},{"@type":"BreadcrumbList","@id":"https:\/\/www.hitech.fi\/hitech\/tyytyvaisyystakuu\/#breadcrumb","itemListElement":[{"@type":"ListItem","position":1,"name":"Etusivu","item":"https:\/\/www.hitech.fi\/hitech\/"},{"@type":"ListItem","position":2,"name":"Tyytyv\u00e4isyystakuu"}]},{"@type":"WebSite","@id":"https:\/\/www.hitech.fi\/hitech\/#website","url":"https:\/\/www.hitech.fi\/hitech\/","name":"Hitech Chemicals","description":"Puhdistusaineet ja huoltotuotteet","publisher":{"@id":"https:\/\/www.hitech.fi\/hitech\/#organization"},"potentialAction":[{"@type":"SearchAction","target":{"@type":"EntryPoint","urlTemplate":"https:\/\/www.hitech.fi\/hitech\/?s={search_term_string}"},"query-input":{"@type":"PropertyValueSpecification","valueRequired":true,"valueName":"search_term_string"}}],"inLanguage":"fi"},{"@type":"Organization","@id":"https:\/\/www.hitech.fi\/hitech\/#organization","name":"Hitech Chemicals","alternateName":"Hitech","url":"https:\/\/www.hitech.fi\/hitech\/","logo":{"@type":"ImageObject","inLanguage":"fi","@id":"https:\/\/www.hitech.fi\/hitech\/#\/schema\/logo\/image\/","url":"https:\/\/www.hitech.fi\/hitech\/wp-content\/uploads\/2023\/06\/cropped-hitech_logo_600x600.png","contentUrl":"https:\/\/www.hitech.fi\/hitech\/wp-content\/uploads\/2023\/06\/cropped-hitech_logo_600x600.png","width":512,"height":512,"caption":"Hitech Chemicals"},"image":{"@id":"https:\/\/www.hitech.fi\/hitech\/#\/schema\/logo\/image\/"},"sameAs":["https:\/\/www.facebook.com\/hitechfinland"]}]}},"_links":{"self":[{"href":"https:\/\/www.hitech.fi\/hitech\/wp-json\/wp\/v2\/pages\/12","targetHints":{"allow":["GET"]}}],"collection":[{"href":"https:\/\/www.hitech.fi\/hitech\/wp-json\/wp\/v2\/pages"}],"about":[{"href":"https:\/\/www.hitech.fi\/hitech\/wp-json\/wp\/v2\/types\/page"}],"author":[{"embeddable":true,"href":"https:\/\/www.hitech.fi\/hitech\/wp-json\/wp\/v2\/users\/1"}],"replies":[{"embeddable":true,"href":"https:\/\/www.hitech.fi\/hitech\/wp-json\/wp\/v2\/comments?post=12"}],"version-history":[{"count":40,"href":"https:\/\/www.hitech.fi\/hitech\/wp-json\/wp\/v2\/pages\/12\/revisions"}],"predecessor-version":[{"id":3240,"href":"https:\/\/www.hitech.fi\/hitech\/wp-json\/wp\/v2\/pages\/12\/revisions\/3240"}],"wp:attachment":[{"href":"https:\/\/www.hitech.fi\/hitech\/wp-json\/wp\/v2\/media?parent=12"}],"curies":[{"name":"wp","href":"https:\/\/api.w.org\/{rel}","templated":true}]}}